{"id":2,"date":"2007-12-11T15:40:13","date_gmt":"2007-12-11T13:40:13","guid":{"rendered":""},"modified":"2023-02-04T13:59:23","modified_gmt":"2023-02-04T10:59:23","slug":"about","status":"publish","type":"page","link":"https:\/\/anurim.com\/?page_id=2","title":{"rendered":"Despre mine"},"content":{"rendered":"<p>Scriu virtual din 2004, c\u00e2nd blogul meu era g\u0103zduit de blogspot. \u00cen 2008 am trecut la propriul domeniu \u0219i cam tot atunci am renun\u021bat s\u0103 scriu \u00een englez\u0103, de\u0219i uneori titlurile articolelor \u0219i tagurile tot \u00een englez\u0103 sunt.<\/p>\n<p>Sunt traduc\u0103tor \u0219i interpret (EN, FR), am o oare\u0219care experien\u021b\u0103 \u00een online media, sunt pasionat\u0103 de dans contemporan, dup\u0103 35 de ani am f\u0103cut un master de antropologie care mi-a pl\u0103cut foarte mult \u0219i ocazional coc p\u00e2ine cu maia (despre care am \u0219i f\u0103cut o cercetare, lucrarea mea de final de master). Sunt unul dintre cei doi traduc\u0103tori permanen\u021bi la cursurile pentru viitori educatori Montessori, organizate periodic de Institutul Montessori Bucure\u0219ti.<\/p>\n<p>Poza \u0219i descrierea de mai jos sunt din 2008.Dar \u00eemi plac \u00een continuare, a\u0219a c\u0103 le p\u0103strez.<br \/>\n&gt;&gt;&gt;&gt;&gt;&gt;&gt;&gt;&gt;&gt;&gt;&gt;&gt;&gt;<br \/>\neu sunt&#8230;<br \/>\nhappy to have this MacBook<\/p>\n<p><img decoding=\"async\" src=\"http:\/\/anurim.com\/wp-content\/uploads\/2008\/04\/_mg_3212.jpg\" alt=\"_mg_3212.jpg\"><\/p>\n","protected":false},"excerpt":{"rendered":"<p>Scriu virtual din 2004, c\u00e2nd blogul meu era g\u0103zduit de blogspot. \u00cen 2008 am trecut la propriul domeniu \u0219i cam tot atunci am renun\u021bat s\u0103 scriu \u00een englez\u0103, de\u0219i uneori titlurile articolelor \u0219i tagurile tot \u00een englez\u0103 sunt. Sunt traduc\u0103tor &hellip; <a href=\"https:\/\/anurim.com\/?page_id=2\">Continue reading <span class=\"meta-nav\">&rarr;<\/span><\/a><\/p>\n","protected":false},"author":1,"featured_media":0,"parent":0,"menu_order":0,"comment_status":"open","ping_status":"closed","template":"","meta":{"footnotes":""},"class_list":["post-2","page","type-page","status-publish","hentry"],"_links":{"self":[{"href":"https:\/\/anurim.com\/index.php?rest_route=\/wp\/v2\/pages\/2","targetHints":{"allow":["GET"]}}],"collection":[{"href":"https:\/\/anurim.com\/index.php?rest_route=\/wp\/v2\/pages"}],"about":[{"href":"https:\/\/anurim.com\/index.php?rest_route=\/wp\/v2\/types\/page"}],"author":[{"embeddable":true,"href":"https:\/\/anurim.com\/index.php?rest_route=\/wp\/v2\/users\/1"}],"replies":[{"embeddable":true,"href":"https:\/\/anurim.com\/index.php?rest_route=%2Fwp%2Fv2%2Fcomments&post=2"}],"version-history":[{"count":4,"href":"https:\/\/anurim.com\/index.php?rest_route=\/wp\/v2\/pages\/2\/revisions"}],"predecessor-version":[{"id":2666,"href":"https:\/\/anurim.com\/index.php?rest_route=\/wp\/v2\/pages\/2\/revisions\/2666"}],"wp:attachment":[{"href":"https:\/\/anurim.com\/index.php?rest_route=%2Fwp%2Fv2%2Fmedia&parent=2"}],"curies":[{"name":"wp","href":"https:\/\/api.w.org\/{rel}","templated":true}]}}